{"id":1371,"date":"2025-11-27T23:48:39","date_gmt":"2025-11-27T20:48:39","guid":{"rendered":"https:\/\/drfish.ee\/?post_type=product&#038;p=1371"},"modified":"2025-12-03T22:20:09","modified_gmt":"2025-12-03T20:20:09","slug":"%e2%9c%a8-silver-package-75min","status":"publish","type":"product","link":"https:\/\/drfish.ee\/en\/product\/%e2%9c%a8-silver-package-75min\/","title":{"rendered":"&#x2728; Silver Package &#8211; 75min"},"content":{"rendered":"<p>SPA ritual with lava stones, aromatic oils, and Germaine de Cappuccini wrap + luxurious hand and foot care.<\/p>","protected":false},"excerpt":{"rendered":"<p>SPA ritual with lava stones, aromatic oils, and Germaine de Cappuccini wrap + luxurious hand and foot care.<\/p>","protected":false},"featured_media":1310,"comment_status":"closed","ping_status":"closed","template":"","meta":[],"product_brand":[],"product_cat":[67],"product_tag":[],"class_list":{"0":"post-1371","1":"product","2":"type-product","3":"status-publish","4":"has-post-thumbnail","6":"product_cat-detox-en","7":"latest_post","9":"first","10":"instock","11":"shipping-taxable","12":"purchasable","13":"product-type-simple"},"yoast_head":"<!-- This site is optimized with the Yoast SEO plugin v27.0 - https:\/\/yoast.com\/product\/yoast-seo-wordpress\/ -->\n<title>&#x2728; Silver Package - 75min - SPA Balance<\/title>\n<meta name=\"robots\" content=\"index, follow, max-snippet:-1, max-image-preview:large, max-video-preview:-1\" \/>\n<link rel=\"canonical\" href=\"https:\/\/drfish.ee\/en\/product\/\u2728-silver-package-75min\/\" \/>\n<meta property=\"og:locale\" content=\"en_US\" \/>\n<meta property=\"og:type\" content=\"article\" \/>\n<meta property=\"og:title\" content=\"&#x2728; Silver Package - 75min - SPA Balance\" \/>\n<meta property=\"og:description\" content=\"SPA-rituaal laavakivide, aroomi\u00f5lide ja Germaine de Cappuccini m\u00e4hisega + luksuslik k\u00e4te- ja jalahoolitsus\" \/>\n<meta property=\"og:url\" content=\"https:\/\/drfish.ee\/en\/product\/\u2728-silver-package-75min\/\" \/>\n<meta property=\"og:site_name\" content=\"SPA Balance\" \/>\n<meta property=\"article:publisher\" content=\"https:\/\/www.facebook.com\/profile.php?id=100012150647169\" \/>\n<meta property=\"article:modified_time\" content=\"2025-12-03T20:20:09+00:00\" \/>\n<meta property=\"og:image\" content=\"https:\/\/drfish.ee\/wp-content\/uploads\/2025\/11\/silver-package-spa.jpg\" \/>\n\t<meta property=\"og:image:width\" content=\"740\" \/>\n\t<meta property=\"og:image:height\" content=\"500\" \/>\n\t<meta property=\"og:image:type\" content=\"image\/jpeg\" \/>\n<meta name=\"twitter:card\" content=\"summary_large_image\" \/>\n<meta name=\"twitter:label1\" content=\"Est. reading time\" \/>\n\t<meta name=\"twitter:data1\" content=\"1 minute\" \/>\n<script type=\"application\/ld+json\" class=\"yoast-schema-graph\">{\"@context\":\"https:\/\/schema.org\",\"@graph\":[{\"@type\":\"WebPage\",\"@id\":\"https:\/\/drfish.ee\/product\/%e2%9c%a8-silver-package-75min\/\",\"url\":\"https:\/\/drfish.ee\/product\/%e2%9c%a8-silver-package-75min\/\",\"name\":\"&#x2728; Silver Package - 75min - SPA Balance\",\"isPartOf\":{\"@id\":\"https:\/\/drfish.ee\/#website\"},\"primaryImageOfPage\":{\"@id\":\"https:\/\/drfish.ee\/product\/%e2%9c%a8-silver-package-75min\/#primaryimage\"},\"image\":{\"@id\":\"https:\/\/drfish.ee\/product\/%e2%9c%a8-silver-package-75min\/#primaryimage\"},\"thumbnailUrl\":\"https:\/\/drfish.ee\/wp-content\/uploads\/2025\/11\/silver-package-spa.jpg\",\"datePublished\":\"2025-11-27T20:48:39+00:00\",\"dateModified\":\"2025-12-03T20:20:09+00:00\",\"breadcrumb\":{\"@id\":\"https:\/\/drfish.ee\/product\/%e2%9c%a8-silver-package-75min\/#breadcrumb\"},\"inLanguage\":\"en-US\",\"potentialAction\":[{\"@type\":\"ReadAction\",\"target\":[\"https:\/\/drfish.ee\/product\/%e2%9c%a8-silver-package-75min\/\"]}]},{\"@type\":\"ImageObject\",\"inLanguage\":\"en-US\",\"@id\":\"https:\/\/drfish.ee\/product\/%e2%9c%a8-silver-package-75min\/#primaryimage\",\"url\":\"https:\/\/drfish.ee\/wp-content\/uploads\/2025\/11\/silver-package-spa.jpg\",\"contentUrl\":\"https:\/\/drfish.ee\/wp-content\/uploads\/2025\/11\/silver-package-spa.jpg\",\"width\":740,\"height\":500},{\"@type\":\"BreadcrumbList\",\"@id\":\"https:\/\/drfish.ee\/product\/%e2%9c%a8-silver-package-75min\/#breadcrumb\",\"itemListElement\":[{\"@type\":\"ListItem\",\"position\":1,\"name\":\"\u0413\u043b\u0430\u0432\u043d\u0430\u044f \u0441\u0442\u0440\u0430\u043d\u0438\u0446\u0430\",\"item\":\"https:\/\/drfish.ee\/\"},{\"@type\":\"ListItem\",\"position\":2,\"name\":\"E-pood\",\"item\":\"https:\/\/drfish.ee\/shop\/\"},{\"@type\":\"ListItem\",\"position\":3,\"name\":\"&#x2728; Silver Package &#8212; 75min\"}]},{\"@type\":\"WebSite\",\"@id\":\"https:\/\/drfish.ee\/#website\",\"url\":\"https:\/\/drfish.ee\/\",\"name\":\"SPA Balance\",\"description\":\"L&otilde;&otilde;gastav massaa\u017e kogu perele\",\"publisher\":{\"@id\":\"https:\/\/drfish.ee\/#organization\"},\"potentialAction\":[{\"@type\":\"SearchAction\",\"target\":{\"@type\":\"EntryPoint\",\"urlTemplate\":\"https:\/\/drfish.ee\/?s={search_term_string}\"},\"query-input\":{\"@type\":\"PropertyValueSpecification\",\"valueRequired\":true,\"valueName\":\"search_term_string\"}}],\"inLanguage\":\"en-US\"},{\"@type\":\"Organization\",\"@id\":\"https:\/\/drfish.ee\/#organization\",\"name\":\"SPA Balance O\u00dc\",\"url\":\"https:\/\/drfish.ee\/\",\"logo\":{\"@type\":\"ImageObject\",\"inLanguage\":\"en-US\",\"@id\":\"https:\/\/drfish.ee\/#\/schema\/logo\/image\/\",\"url\":\"https:\/\/drfish.ee\/wp-content\/uploads\/2022\/12\/7f88dd86ea7a547dcf38dfb3ffe55a2c_1665134168-1.png\",\"contentUrl\":\"https:\/\/drfish.ee\/wp-content\/uploads\/2022\/12\/7f88dd86ea7a547dcf38dfb3ffe55a2c_1665134168-1.png\",\"width\":474,\"height\":208,\"caption\":\"SPA Balance O\u00dc\"},\"image\":{\"@id\":\"https:\/\/drfish.ee\/#\/schema\/logo\/image\/\"},\"sameAs\":[\"https:\/\/www.facebook.com\/profile.php?id=100012150647169\"]}]}<\/script>\n<!-- \/ Yoast SEO plugin. -->","yoast_head_json":{"title":"&#x2728; Silver Package - 75min - SPA Balance","robots":{"index":"index","follow":"follow","max-snippet":"max-snippet:-1","max-image-preview":"max-image-preview:large","max-video-preview":"max-video-preview:-1"},"canonical":"https:\/\/drfish.ee\/en\/product\/\u2728-silver-package-75min\/","og_locale":"en_US","og_type":"article","og_title":"&#x2728; Silver Package - 75min - SPA Balance","og_description":"SPA-rituaal laavakivide, aroomi\u00f5lide ja Germaine de Cappuccini m\u00e4hisega + luksuslik k\u00e4te- ja jalahoolitsus","og_url":"https:\/\/drfish.ee\/en\/product\/\u2728-silver-package-75min\/","og_site_name":"SPA Balance","article_publisher":"https:\/\/www.facebook.com\/profile.php?id=100012150647169","article_modified_time":"2025-12-03T20:20:09+00:00","og_image":[{"width":740,"height":500,"url":"https:\/\/drfish.ee\/wp-content\/uploads\/2025\/11\/silver-package-spa.jpg","type":"image\/jpeg"}],"twitter_card":"summary_large_image","twitter_misc":{"Est. reading time":"1 minute"},"schema":{"@context":"https:\/\/schema.org","@graph":[{"@type":"WebPage","@id":"https:\/\/drfish.ee\/product\/%e2%9c%a8-silver-package-75min\/","url":"https:\/\/drfish.ee\/product\/%e2%9c%a8-silver-package-75min\/","name":"&#x2728; Silver Package - 75min - SPA Balance","isPartOf":{"@id":"https:\/\/drfish.ee\/#website"},"primaryImageOfPage":{"@id":"https:\/\/drfish.ee\/product\/%e2%9c%a8-silver-package-75min\/#primaryimage"},"image":{"@id":"https:\/\/drfish.ee\/product\/%e2%9c%a8-silver-package-75min\/#primaryimage"},"thumbnailUrl":"https:\/\/drfish.ee\/wp-content\/uploads\/2025\/11\/silver-package-spa.jpg","datePublished":"2025-11-27T20:48:39+00:00","dateModified":"2025-12-03T20:20:09+00:00","breadcrumb":{"@id":"https:\/\/drfish.ee\/product\/%e2%9c%a8-silver-package-75min\/#breadcrumb"},"inLanguage":"en-US","potentialAction":[{"@type":"ReadAction","target":["https:\/\/drfish.ee\/product\/%e2%9c%a8-silver-package-75min\/"]}]},{"@type":"ImageObject","inLanguage":"en-US","@id":"https:\/\/drfish.ee\/product\/%e2%9c%a8-silver-package-75min\/#primaryimage","url":"https:\/\/drfish.ee\/wp-content\/uploads\/2025\/11\/silver-package-spa.jpg","contentUrl":"https:\/\/drfish.ee\/wp-content\/uploads\/2025\/11\/silver-package-spa.jpg","width":740,"height":500},{"@type":"BreadcrumbList","@id":"https:\/\/drfish.ee\/product\/%e2%9c%a8-silver-package-75min\/#breadcrumb","itemListElement":[{"@type":"ListItem","position":1,"name":"\u0413\u043b\u0430\u0432\u043d\u0430\u044f \u0441\u0442\u0440\u0430\u043d\u0438\u0446\u0430","item":"https:\/\/drfish.ee\/"},{"@type":"ListItem","position":2,"name":"E-pood","item":"https:\/\/drfish.ee\/shop\/"},{"@type":"ListItem","position":3,"name":"&#x2728; Silver Package &#8212; 75min"}]},{"@type":"WebSite","@id":"https:\/\/drfish.ee\/#website","url":"https:\/\/drfish.ee\/","name":"SPA Balance","description":"L&otilde;&otilde;gastav massaa\u017e kogu perele","publisher":{"@id":"https:\/\/drfish.ee\/#organization"},"potentialAction":[{"@type":"SearchAction","target":{"@type":"EntryPoint","urlTemplate":"https:\/\/drfish.ee\/?s={search_term_string}"},"query-input":{"@type":"PropertyValueSpecification","valueRequired":true,"valueName":"search_term_string"}}],"inLanguage":"en-US"},{"@type":"Organization","@id":"https:\/\/drfish.ee\/#organization","name":"SPA Balance O\u00dc","url":"https:\/\/drfish.ee\/","logo":{"@type":"ImageObject","inLanguage":"en-US","@id":"https:\/\/drfish.ee\/#\/schema\/logo\/image\/","url":"https:\/\/drfish.ee\/wp-content\/uploads\/2022\/12\/7f88dd86ea7a547dcf38dfb3ffe55a2c_1665134168-1.png","contentUrl":"https:\/\/drfish.ee\/wp-content\/uploads\/2022\/12\/7f88dd86ea7a547dcf38dfb3ffe55a2c_1665134168-1.png","width":474,"height":208,"caption":"SPA Balance O\u00dc"},"image":{"@id":"https:\/\/drfish.ee\/#\/schema\/logo\/image\/"},"sameAs":["https:\/\/www.facebook.com\/profile.php?id=100012150647169"]}]}},"_links":{"self":[{"href":"https:\/\/drfish.ee\/en\/wp-json\/wp\/v2\/product\/1371","targetHints":{"allow":["GET"]}}],"collection":[{"href":"https:\/\/drfish.ee\/en\/wp-json\/wp\/v2\/product"}],"about":[{"href":"https:\/\/drfish.ee\/en\/wp-json\/wp\/v2\/types\/product"}],"replies":[{"embeddable":true,"href":"https:\/\/drfish.ee\/en\/wp-json\/wp\/v2\/comments?post=1371"}],"wp:featuredmedia":[{"embeddable":true,"href":"https:\/\/drfish.ee\/en\/wp-json\/wp\/v2\/media\/1310"}],"wp:attachment":[{"href":"https:\/\/drfish.ee\/en\/wp-json\/wp\/v2\/media?parent=1371"}],"wp:term":[{"taxonomy":"product_brand","embeddable":true,"href":"https:\/\/drfish.ee\/en\/wp-json\/wp\/v2\/product_brand?post=1371"},{"taxonomy":"product_cat","embeddable":true,"href":"https:\/\/drfish.ee\/en\/wp-json\/wp\/v2\/product_cat?post=1371"},{"taxonomy":"product_tag","embeddable":true,"href":"https:\/\/drfish.ee\/en\/wp-json\/wp\/v2\/product_tag?post=1371"}],"curies":[{"name":"wp","href":"https:\/\/api.w.org\/{rel}","templated":true}]}}